{"id":806,"date":"2023-12-12T14:45:07","date_gmt":"2023-12-12T14:45:07","guid":{"rendered":"https:\/\/controllingnow.pl\/?page_id=806"},"modified":"2023-12-12T14:45:08","modified_gmt":"2023-12-12T14:45:08","slug":"polska-firma-deweloperska","status":"publish","type":"page","link":"https:\/\/controllingnow.pl\/index.php\/polska-firma-deweloperska\/","title":{"rendered":"Polska firma deweloperska"},"content":{"rendered":"<p>[et_pb_section fb_built=&#8221;1&#8243; _builder_version=&#8221;4.22.2&#8243; _module_preset=&#8221;default&#8221; custom_padding=&#8221;1px||19px|||&#8221; locked=&#8221;off&#8221; global_colors_info=&#8221;{}&#8221;][et_pb_row column_structure=&#8221;1_2,1_2&#8243; _builder_version=&#8221;4.22.1&#8243; _module_preset=&#8221;default&#8221; custom_padding=&#8221;||2px|||&#8221; global_colors_info=&#8221;{}&#8221;][et_pb_column type=&#8221;1_2&#8243; _builder_version=&#8221;4.22.1&#8243; _module_preset=&#8221;default&#8221; global_colors_info=&#8221;{}&#8221;][et_pb_text _builder_version=&#8221;4.22.1&#8243; _module_preset=&#8221;default&#8221; text_font=&#8221;|800|||||||&#8221; text_text_color=&#8221;#231F2B&#8221; header_font=&#8221;|600|||||||&#8221; header_line_height=&#8221;1.3em&#8221; custom_padding=&#8221;65px||76px|15px|false|false&#8221; border_width_left=&#8221;4px&#8221; border_color_left=&#8221;#930216&#8243; locked=&#8221;off&#8221; global_colors_info=&#8221;{}&#8221;]<\/p>\n<h1><\/h1>\n<h2><strong>Klient:<\/strong><\/h2>\n<h2>Polska firma deweloperska<\/h2>\n<p>[\/et_pb_text][\/et_pb_column][et_pb_column type=&#8221;1_2&#8243; _builder_version=&#8221;4.22.1&#8243; _module_preset=&#8221;default&#8221; global_colors_info=&#8221;{}&#8221;][et_pb_text _builder_version=&#8221;4.22.2&#8243; _module_preset=&#8221;default&#8221; background_image=&#8221;https:\/\/controllingnow.pl\/wp-content\/uploads\/2023\/12\/Do-strony-4.svg&#8221; custom_padding=&#8221;217px||36px|21px|false|false&#8221; global_colors_info=&#8221;{}&#8221;][\/et_pb_text][\/et_pb_column][\/et_pb_row][\/et_pb_section][et_pb_section fb_built=&#8221;1&#8243; _builder_version=&#8221;4.22.1&#8243; _module_preset=&#8221;default&#8221; custom_padding=&#8221;0px||0px|||&#8221; locked=&#8221;off&#8221; global_colors_info=&#8221;{}&#8221;][et_pb_row column_structure=&#8221;1_3,2_3&#8243; _builder_version=&#8221;4.22.2&#8243; _module_preset=&#8221;default&#8221; global_colors_info=&#8221;{}&#8221;][et_pb_column type=&#8221;1_3&#8243; _builder_version=&#8221;4.22.1&#8243; _module_preset=&#8221;default&#8221; global_colors_info=&#8221;{}&#8221;][et_pb_text _builder_version=&#8221;4.22.1&#8243; _module_preset=&#8221;default&#8221; text_font=&#8221;|800|||||||&#8221; text_text_color=&#8221;#231F2B&#8221; header_font=&#8221;|600|||||||&#8221; header_line_height=&#8221;1.3em&#8221; custom_padding=&#8221;2px|||15px|false|false&#8221; border_width_left=&#8221;4px&#8221; border_color_left=&#8221;#930216&#8243; global_colors_info=&#8221;{}&#8221;]<\/p>\n<h1><\/h1>\n<h1>Rola &amp; przejmowany obszar:<\/h1>\n<p>[\/et_pb_text][\/et_pb_column][et_pb_column type=&#8221;2_3&#8243; _builder_version=&#8221;4.22.1&#8243; _module_preset=&#8221;default&#8221; global_colors_info=&#8221;{}&#8221;][et_pb_text _builder_version=&#8221;4.22.2&#8243; _module_preset=&#8221;default&#8221; text_font_size=&#8221;16px&#8221; text_orientation=&#8221;justified&#8221; custom_padding=&#8221;21px||0px|||&#8221; text_orientation_tablet=&#8221;justified&#8221; text_orientation_phone=&#8221;center&#8221; text_orientation_last_edited=&#8221;on|phone&#8221; global_colors_info=&#8221;{}&#8221;]<\/p>\n<h3 style=\"text-align: left;\">Planowanie i prognozowanie<\/h3>\n<p>brak kom\u00f3rki kontrolingowej w organizacji<\/p>\n<p>&nbsp;<\/p>\n<p>[\/et_pb_text][\/et_pb_column][\/et_pb_row][et_pb_row column_structure=&#8221;1_3,2_3&#8243; _builder_version=&#8221;4.22.2&#8243; _module_preset=&#8221;default&#8221; custom_padding=&#8221;6px|||||&#8221; locked=&#8221;off&#8221; global_colors_info=&#8221;{}&#8221;][et_pb_column type=&#8221;1_3&#8243; _builder_version=&#8221;4.22.1&#8243; _module_preset=&#8221;default&#8221; global_colors_info=&#8221;{}&#8221;][et_pb_text _builder_version=&#8221;4.22.1&#8243; _module_preset=&#8221;default&#8221; text_font=&#8221;|800|||||||&#8221; text_text_color=&#8221;#231F2B&#8221; header_font=&#8221;|600|||||||&#8221; header_line_height=&#8221;1.3em&#8221; custom_padding=&#8221;2px|||15px|false|false&#8221; border_width_left=&#8221;4px&#8221; border_color_left=&#8221;#930216&#8243; global_colors_info=&#8221;{}&#8221;]<\/p>\n<h1><\/h1>\n<h1>Zakres &amp; podej\u015bcie:<\/h1>\n<p>[\/et_pb_text][\/et_pb_column][et_pb_column type=&#8221;2_3&#8243; _builder_version=&#8221;4.22.1&#8243; _module_preset=&#8221;default&#8221; global_colors_info=&#8221;{}&#8221;][et_pb_text _builder_version=&#8221;4.22.1&#8243; _module_preset=&#8221;default&#8221; text_font_size=&#8221;16px&#8221; text_orientation=&#8221;justified&#8221; text_orientation_tablet=&#8221;justified&#8221; text_orientation_phone=&#8221;center&#8221; text_orientation_last_edited=&#8221;on|phone&#8221; global_colors_info=&#8221;{}&#8221; custom_padding=&#8221;1px|||||&#8221;]<\/p>\n<ul>\n<li>aktualizacja planu rocznego z uwzgl\u0119dnieniem zmieniaj\u0105cych si\u0119 warunk\u00f3w rynkowych i biznesowych, w celu zapewnienia wiarygodnych prognoz finansowych<\/li>\n<li>przeprowadzenie szczeg\u00f3\u0142owej analizy wynik\u00f3w finansowych w celu identyfikacji czynnik\u00f3w wp\u0142ywaj\u0105cych na odchylenia mi\u0119dzy rzeczywistymi wynikami a prognozami, umo\u017cliwiaj\u0105cej popraw\u0119 jako\u015bci prognozowania.<\/li>\n<li>przygotowanie modelu finansowego uwzgl\u0119dniaj\u0105cego scenariusze rozwoju i ekonomiczne aspekty strategicznego planu firmy deweloperskiej i analizy finansowej do wieloletniego planu strategicznego<\/li>\n<li>ustalenie d\u0142ugoterminowych potrzeb firmy w zakresie finansowania zewn\u0119trznego<\/li>\n<\/ul>\n<p>[\/et_pb_text][\/et_pb_column][\/et_pb_row][et_pb_row column_structure=&#8221;1_3,2_3&#8243; _builder_version=&#8221;4.22.1&#8243; _module_preset=&#8221;default&#8221; custom_padding=&#8221;14px|||||&#8221; locked=&#8221;off&#8221; global_colors_info=&#8221;{}&#8221;][et_pb_column type=&#8221;1_3&#8243; _builder_version=&#8221;4.22.1&#8243; _module_preset=&#8221;default&#8221; global_colors_info=&#8221;{}&#8221;][et_pb_text _builder_version=&#8221;4.22.1&#8243; _module_preset=&#8221;default&#8221; text_font=&#8221;|800|||||||&#8221; text_text_color=&#8221;#231F2B&#8221; header_font=&#8221;|600|||||||&#8221; header_line_height=&#8221;1.3em&#8221; custom_padding=&#8221;2px|||15px|false|false&#8221; border_width_left=&#8221;4px&#8221; border_color_left=&#8221;#930216&#8243; global_colors_info=&#8221;{}&#8221;]<\/p>\n<h1><\/h1>\n<h1>Efekty:<\/h1>\n<p>[\/et_pb_text][\/et_pb_column][et_pb_column type=&#8221;2_3&#8243; _builder_version=&#8221;4.22.1&#8243; _module_preset=&#8221;default&#8221; global_colors_info=&#8221;{}&#8221;][et_pb_text _builder_version=&#8221;4.22.1&#8243; _module_preset=&#8221;default&#8221; text_font_size=&#8221;16px&#8221; text_orientation=&#8221;justified&#8221; text_orientation_tablet=&#8221;justified&#8221; text_orientation_phone=&#8221;center&#8221; text_orientation_last_edited=&#8221;on|phone&#8221; global_colors_info=&#8221;{}&#8221;]<\/p>\n<ul>\n<li>strategiczne planowanie finansowe &#8211; przygotowanie modelu finansowego i analizy finansowej do wieloletniego planu strategicznego pozwoli\u0142o firmie deweloperskiej na lepsze zrozumienie swojej sytuacji finansowej, identyfikacj\u0119 kluczowych obszar\u00f3w wzrostu oraz podejmowanie strategicznych dzia\u0142a\u0144 w celu optymalnego sfinansowania dzia\u0142a\u0144<\/li>\n<li>optymalne zarz\u0105dzanie finansowe &#8211; ustalenie d\u0142ugoterminowych potrzeb finansowych pozwoli\u0142o firmie wyst\u0105pi\u0107 do w\u0142a\u015bciciela o dofinansowanie dzia\u0142alno\u015bci<\/li>\n<li>wiarygodne prognozowanie wynik\u00f3w &#8211; aktualizacja planu rocznego i analiza wynik\u00f3w finansowych przyczyni\u0142y si\u0119 do poprawy dok\u0142adno\u015bci i wiarygodno\u015bci prognozowania wynik\u00f3w<\/li>\n<\/ul>\n<p>[\/et_pb_text][\/et_pb_column][\/et_pb_row][\/et_pb_section]<\/p>\n","protected":false},"excerpt":{"rendered":"<p>Klient: Polska firma deweloperska Rola &amp; przejmowany obszar:Planowanie i prognozowanie brak kom\u00f3rki kontrolingowej w organizacji &nbsp; Zakres &amp; podej\u015bcie: aktualizacja planu rocznego z uwzgl\u0119dnieniem zmieniaj\u0105cych si\u0119 warunk\u00f3w rynkowych i biznesowych, w celu zapewnienia wiarygodnych prognoz finansowych przeprowadzenie szczeg\u00f3\u0142owej analizy wynik\u00f3w finansowych w celu identyfikacji czynnik\u00f3w wp\u0142ywaj\u0105cych na odchylenia mi\u0119dzy rzeczywistymi wynikami a prognozami, umo\u017cliwiaj\u0105cej popraw\u0119 [&hellip;]<\/p>\n","protected":false},"author":3,"featured_media":0,"parent":0,"menu_order":0,"comment_status":"closed","ping_status":"closed","template":"","meta":{"_et_pb_use_builder":"on","_et_pb_old_content":"","_et_gb_content_width":"","om_disable_all_campaigns":false,"_mi_skip_tracking":false,"_monsterinsights_sitenote_active":false,"_monsterinsights_sitenote_note":"","_monsterinsights_sitenote_category":0,"footnotes":""},"aioseo_notices":[],"_links":{"self":[{"href":"https:\/\/controllingnow.pl\/index.php\/wp-json\/wp\/v2\/pages\/806"}],"collection":[{"href":"https:\/\/controllingnow.pl\/index.php\/wp-json\/wp\/v2\/pages"}],"about":[{"href":"https:\/\/controllingnow.pl\/index.php\/wp-json\/wp\/v2\/types\/page"}],"author":[{"embeddable":true,"href":"https:\/\/controllingnow.pl\/index.php\/wp-json\/wp\/v2\/users\/3"}],"replies":[{"embeddable":true,"href":"https:\/\/controllingnow.pl\/index.php\/wp-json\/wp\/v2\/comments?post=806"}],"version-history":[{"count":6,"href":"https:\/\/controllingnow.pl\/index.php\/wp-json\/wp\/v2\/pages\/806\/revisions"}],"predecessor-version":[{"id":821,"href":"https:\/\/controllingnow.pl\/index.php\/wp-json\/wp\/v2\/pages\/806\/revisions\/821"}],"wp:attachment":[{"href":"https:\/\/controllingnow.pl\/index.php\/wp-json\/wp\/v2\/media?parent=806"}],"curies":[{"name":"wp","href":"https:\/\/api.w.org\/{rel}","templated":true}]}}