{"id":74,"date":"2023-08-26T06:03:14","date_gmt":"2023-08-26T06:03:14","guid":{"rendered":"https:\/\/controllingnow.pl\/?page_id=74"},"modified":"2023-09-24T19:01:38","modified_gmt":"2023-09-24T19:01:38","slug":"o-nas","status":"publish","type":"page","link":"https:\/\/controllingnow.pl\/index.php\/pl\/o-nas\/","title":{"rendered":"O NAS"},"content":{"rendered":"<p>[et_pb_section fb_built=&#8221;1&#8243; custom_padding_last_edited=&#8221;on|phone&#8221; _builder_version=&#8221;4.22.1&#8243; _module_preset=&#8221;default&#8221; background_image=&#8221;https:\/\/controllingnow.pl\/wp-content\/uploads\/2023\/08\/Do-strony-6.png&#8221; custom_padding=&#8221;85px||85px|||&#8221; custom_padding_tablet=&#8221;85px||85px|||&#8221; custom_padding_phone=&#8221;19px||19px||false|false&#8221; global_colors_info=&#8221;{}&#8221;][et_pb_row _builder_version=&#8221;4.22.1&#8243; _module_preset=&#8221;default&#8221; global_colors_info=&#8221;{}&#8221;][et_pb_column type=&#8221;4_4&#8243; _builder_version=&#8221;4.22.1&#8243; _module_preset=&#8221;default&#8221; global_colors_info=&#8221;{}&#8221;][et_pb_text _builder_version=&#8221;4.22.1&#8243; _module_preset=&#8221;default&#8221; text_text_color=&#8221;#231F2B&#8221; header_font=&#8221;|||on|||||&#8221; header_text_color=&#8221;#FFFFFF&#8221; background_color=&#8221;RGBA(255,255,255,0)&#8221; text_orientation_tablet=&#8221;&#8221; text_orientation_phone=&#8221;center&#8221; text_orientation_last_edited=&#8221;on|phone&#8221; global_colors_info=&#8221;{}&#8221;]<\/p>\n<h1>O nas<\/h1>\n<p>[\/et_pb_text][et_pb_text _builder_version=&#8221;4.22.1&#8243; _module_preset=&#8221;default&#8221; text_text_color=&#8221;#FFFFFF&#8221; text_font_size=&#8221;19px&#8221; background_color=&#8221;RGBA(255,255,255,0)&#8221; text_orientation=&#8221;justified&#8221; text_orientation_tablet=&#8221;justified&#8221; text_orientation_phone=&#8221;center&#8221; text_orientation_last_edited=&#8221;on|phone&#8221; global_colors_info=&#8221;{}&#8221;]<\/p>\n<p>Jeste\u015bmy\u00a0<strong>N<\/strong>ow\u0105 firm\u0105 outsourcingow\u0105, kt\u00f3rej DNA to do\u015bwiadczenie i nowoczesno\u015b\u0107. Firm\u0105, kt\u00f3ra buduje z klientami efektywn\u0105, nowoczesn\u0105 i\u00a0<strong>O<\/strong>twart\u0105 relacj\u0119 zapewniaj\u0105c najwy\u017csze standardy komunikacji, aby sta\u0107 si\u0119 zaufanym i\u00a0<strong>W<\/strong>ybranym doradc\u0105.<\/p>\n<p>[\/et_pb_text][et_pb_text _builder_version=&#8221;4.22.1&#8243; _module_preset=&#8221;default&#8221; text_text_color=&#8221;#FFFFFF&#8221; text_font_size=&#8221;19px&#8221; text_orientation=&#8221;justified&#8221; text_orientation_tablet=&#8221;justified&#8221; text_orientation_phone=&#8221;center&#8221; text_orientation_last_edited=&#8221;on|phone&#8221; global_colors_info=&#8221;{}&#8221;]<\/p>\n<p><strong><em>controllingNOW<\/em><\/strong><strong> to HUB ekspert\u00f3w controllingowych<\/strong>, kt\u00f3rego misj\u0105 jest zapewnienie dost\u0119pno\u015bci do profesjonalnego controllingu pomagaj\u0105cego firmom osi\u0105ga\u0107 dynamiczny wzrost i skutecznie si\u0119 rozwija\u0107. Dzi\u0119ki wsparciu do\u015bwiadczonych kontroler\u00f3w i mo\u017cliwo\u015bci korzystania z <strong>efektywnych narz\u0119dzi <\/strong>przetwarzaj\u0105cych dane i raportuj\u0105cych wyniki, nawet niewielkie organizacje mog\u0105 budowa\u0107 warto\u015b\u0107 w oparciu o dostosowan\u0105 do ich potrzeb informacj\u0119 zarz\u0105dcz\u0105, a organizacje posiadaj\u0105ce funkcj\u0119 controllingu elastycznie uzupe\u0142nia\u0107 brakuj\u0105ce kompetencje.<\/p>\n<p>[\/et_pb_text][\/et_pb_column][\/et_pb_row][\/et_pb_section][et_pb_section fb_built=&#8221;1&#8243; _builder_version=&#8221;4.22.1&#8243; _module_preset=&#8221;default&#8221; global_colors_info=&#8221;{}&#8221;][et_pb_row column_structure=&#8221;1_3,2_3&#8243; _builder_version=&#8221;4.22.1&#8243; _module_preset=&#8221;default&#8221; global_colors_info=&#8221;{}&#8221;][et_pb_column type=&#8221;1_3&#8243; _builder_version=&#8221;4.22.1&#8243; _module_preset=&#8221;default&#8221; global_colors_info=&#8221;{}&#8221;][et_pb_text _builder_version=&#8221;4.22.1&#8243; _module_preset=&#8221;default&#8221; text_font=&#8221;|800|||||||&#8221; text_text_color=&#8221;#231F2B&#8221; header_font=&#8221;|600|||||||&#8221; header_line_height=&#8221;1.3em&#8221; custom_padding=&#8221;2px|||15px|false|false&#8221; border_width_left=&#8221;4px&#8221; border_color_left=&#8221;#930216&#8243; global_colors_info=&#8221;{}&#8221;]<\/p>\n<h3>Id\u0105c o krok dalej<\/h3>\n<h1>Dlaczego potrzebujesz w\u0142a\u015bnie nas?<\/h1>\n<p>[\/et_pb_text][\/et_pb_column][et_pb_column type=&#8221;2_3&#8243; _builder_version=&#8221;4.22.1&#8243; _module_preset=&#8221;default&#8221; global_colors_info=&#8221;{}&#8221;][et_pb_text _builder_version=&#8221;4.22.1&#8243; _module_preset=&#8221;default&#8221; text_font_size=&#8221;16px&#8221; text_orientation=&#8221;justified&#8221; global_colors_info=&#8221;{}&#8221;]<\/p>\n<p>W ka\u017cdej organizacji wraz z rozwojem pojawia si\u0119 du\u017ca liczba danych finansowych i operacyjnych, znacznie wykraczaj\u0105cych poza obszar obs\u0142ugiwany przez funkcj\u0119 ksi\u0119gow\u0105. Przetworzenie ich w informacj\u0119 zarz\u0105dcz\u0105, bie\u017c\u0105ca analiza oraz umiej\u0119tno\u015b\u0107 prognozowania i zarz\u0105dzania przysz\u0142o\u015bci\u0105 staj\u0105 si\u0119 kluczowym elementem dalszego rozwoju. Niestety nie ka\u017cda organizacja jest w stanie stworzy\u0107 dzia\u0142 controllingu czy nawet zatrudni\u0107 kontrolera finansowego.<\/p>\n<p>[\/et_pb_text][et_pb_text _builder_version=&#8221;4.22.1&#8243; _module_preset=&#8221;default&#8221; text_font_size=&#8221;16px&#8221; text_orientation=&#8221;justified&#8221; custom_margin=&#8221;-16px|||||&#8221; global_colors_info=&#8221;{}&#8221;]<\/p>\n<p><strong>Naszym celem jest wype\u0142ni\u0107 t\u0119 luk\u0119.<\/strong><span> Jeste\u015bmy tu, aby dostarczy\u0107 Twojej organizacji kompleksowe rozwi\u0105zania controllingowe, kt\u00f3re pomog\u0105 Ci maksymalnie wykorzysta\u0107 potencja\u0142 Twoich danych. Niezale\u017cnie od tego, czy potrzebujesz wsparcia w analizie finansowej, prognozowaniu czy optymalizacji proces\u00f3w, jeste\u015bmy gotowi zabra\u0107 Ci\u0119 na pok\u0142ad naszego do\u015bwiadczonego zespo\u0142u.<\/span><\/p>\n<p>[\/et_pb_text][\/et_pb_column][\/et_pb_row][et_pb_row _builder_version=&#8221;4.22.1&#8243; _module_preset=&#8221;default&#8221; custom_padding=&#8221;1px|||||&#8221; global_colors_info=&#8221;{}&#8221;][et_pb_column type=&#8221;4_4&#8243; _builder_version=&#8221;4.22.1&#8243; _module_preset=&#8221;default&#8221; global_colors_info=&#8221;{}&#8221;][et_pb_text _builder_version=&#8221;4.22.1&#8243; _module_preset=&#8221;default&#8221; global_colors_info=&#8221;{}&#8221;]<\/p>\n<h2 style=\"text-align: center;\"><strong>Co otrzymasz?<\/strong><\/h2>\n<p>[\/et_pb_text][\/et_pb_column][\/et_pb_row][et_pb_row column_structure=&#8221;1_3,1_3,1_3&#8243; _builder_version=&#8221;4.22.1&#8243; _module_preset=&#8221;default&#8221; custom_padding=&#8221;1px|||||&#8221; global_colors_info=&#8221;{}&#8221;][et_pb_column type=&#8221;1_3&#8243; _builder_version=&#8221;4.22.1&#8243; _module_preset=&#8221;default&#8221; global_colors_info=&#8221;{}&#8221;][et_pb_blurb title=&#8221;Ekspertyz\u0119 w controllingu&#8221; use_icon=&#8221;on&#8221; font_icon=&#8221;&#xf51c;||fa||900&#8243; icon_color=&#8221;#B70000&#8243; image_icon_width=&#8221;67px&#8221; _builder_version=&#8221;4.22.1&#8243; _module_preset=&#8221;default&#8221; header_font=&#8221;|600|||||||&#8221; text_orientation=&#8221;center&#8221; global_colors_info=&#8221;{}&#8221;]<\/p>\n<p><span>Nasz zesp\u00f3\u0142 specjalist\u00f3w posiada g\u0142\u0119bok\u0105 wiedz\u0119 i do\u015bwiadczenie w analizie danych finansowych oraz zarz\u0105dzaniu nimi. Dzi\u0119ki temu jeste\u015bmy w stanie przetworzy\u0107 te dane w warto\u015bciow\u0105 informacj\u0119 zarz\u0105dcz\u0105, kt\u00f3ra pozwoli Ci podejmowa\u0107 trafne decyzje.<\/span><\/p>\n<p>[\/et_pb_blurb][\/et_pb_column][et_pb_column type=&#8221;1_3&#8243; _builder_version=&#8221;4.22.1&#8243; _module_preset=&#8221;default&#8221; global_colors_info=&#8221;{}&#8221;][et_pb_blurb title=&#8221;Spersonalizowane podej\u015bcie&#8221; use_icon=&#8221;on&#8221; font_icon=&#8221;&#xf4fc;||fa||900&#8243; icon_color=&#8221;#B70000&#8243; image_icon_width=&#8221;67px&#8221; _builder_version=&#8221;4.22.1&#8243; _module_preset=&#8221;default&#8221; header_font=&#8221;|600|||||||&#8221; text_orientation=&#8221;center&#8221; global_colors_info=&#8221;{}&#8221;]<\/p>\n<p><span>Nasze rozwi\u0105zania s\u0105 dostosowywane do unikalnych potrzeb ka\u017cdej organizacji. W ramach naszego podej\u015bcia skupiamy si\u0119 na tym, co jest istotne dla Ciebie, tworz\u0105c spersonalizowane strategie, kt\u00f3re naprawd\u0119 dzia\u0142aj\u0105.<\/span><\/p>\n<p>[\/et_pb_blurb][\/et_pb_column][et_pb_column type=&#8221;1_3&#8243; _builder_version=&#8221;4.22.1&#8243; _module_preset=&#8221;default&#8221; global_colors_info=&#8221;{}&#8221;][et_pb_blurb title=&#8221;Pasj\u0119 do doskonalenia&#8221; use_icon=&#8221;on&#8221; font_icon=&#8221;&#xf508;||fa||900&#8243; icon_color=&#8221;#B70000&#8243; image_icon_width=&#8221;67px&#8221; _builder_version=&#8221;4.22.1&#8243; _module_preset=&#8221;default&#8221; header_font=&#8221;|600|||||||&#8221; text_orientation=&#8221;center&#8221; global_colors_info=&#8221;{}&#8221;]<\/p>\n<p><span>Nasza firma \u017cyje pasj\u0105 do doskonalenia i optymalizacji proces\u00f3w biznesowych. Jeste\u015bmy gotowi podj\u0105\u0107 wyzwanie optymalizacji Twojego biznesu i pom\u00f3c Ci osi\u0105gn\u0105\u0107 pe\u0142en potencja\u0142.\u00a0<\/span><\/p>\n<p>[\/et_pb_blurb][\/et_pb_column][\/et_pb_row][\/et_pb_section][et_pb_section fb_built=&#8221;1&#8243; _builder_version=&#8221;4.22.1&#8243; _module_preset=&#8221;default&#8221; use_background_color_gradient=&#8221;on&#8221; background_color_gradient_stops=&#8221;rgba(35,31,43,0.49) 0%|rgba(35,31,43,0.62) 0%&#8221; background_color_gradient_overlays_image=&#8221;on&#8221; background_image=&#8221;https:\/\/controllingnow.pl\/wp-content\/uploads\/2023\/08\/Do-strony-7.png&#8221; custom_padding=&#8221;170px||164px|||&#8221; global_colors_info=&#8221;{}&#8221;][et_pb_row column_structure=&#8221;1_4,3_4&#8243; _builder_version=&#8221;4.22.1&#8243; _module_preset=&#8221;default&#8221; custom_margin=&#8221;||50px||false|false&#8221; custom_padding=&#8221;||||false|false&#8221; global_colors_info=&#8221;{}&#8221;][et_pb_column type=&#8221;1_4&#8243; _builder_version=&#8221;4.22.1&#8243; _module_preset=&#8221;default&#8221; global_colors_info=&#8221;{}&#8221;][et_pb_text _builder_version=&#8221;4.22.1&#8243; _module_preset=&#8221;default&#8221; text_text_color=&#8221;#FFFFFF&#8221; text_font_size=&#8221;22px&#8221; custom_margin=&#8221;||||false|false&#8221; custom_padding=&#8221;|0px|||false|false&#8221; global_colors_info=&#8221;{}&#8221;]<\/p>\n<p>Nasza wizja to:<\/p>\n<p>[\/et_pb_text][\/et_pb_column][et_pb_column type=&#8221;3_4&#8243; _builder_version=&#8221;4.22.1&#8243; _module_preset=&#8221;default&#8221; global_colors_info=&#8221;{}&#8221;][et_pb_text _builder_version=&#8221;4.22.1&#8243; _module_preset=&#8221;default&#8221; text_text_color=&#8221;#FFFFFF&#8221; text_font_size=&#8221;22px&#8221; text_line_height=&#8221;1.4em&#8221; text_font_size_tablet=&#8221;22px&#8221; text_font_size_phone=&#8221;18px&#8221; text_font_size_last_edited=&#8221;on|phone&#8221; global_colors_info=&#8221;{}&#8221;]<\/p>\n<p style=\"text-align: justify;\">stworzenie profesjonalnego HUB&#8217;u kompetencyjnego oferuj\u0105cego wsparcie controllingowe dla firm i organizacji pozarz\u0105dowych w celu zapewnienia bie\u017c\u0105cej informacji zarz\u0105dczej<\/p>\n<p>[\/et_pb_text][\/et_pb_column][\/et_pb_row][et_pb_row column_structure=&#8221;1_4,3_4&#8243; _builder_version=&#8221;4.22.1&#8243; _module_preset=&#8221;default&#8221; global_colors_info=&#8221;{}&#8221;][et_pb_column type=&#8221;1_4&#8243; _builder_version=&#8221;4.22.1&#8243; _module_preset=&#8221;default&#8221; global_colors_info=&#8221;{}&#8221;][et_pb_text _builder_version=&#8221;4.22.1&#8243; _module_preset=&#8221;default&#8221; text_text_color=&#8221;#FFFFFF&#8221; text_font_size=&#8221;22px&#8221; custom_margin=&#8221;||||false|false&#8221; custom_padding=&#8221;|0px|||false|false&#8221; global_colors_info=&#8221;{}&#8221;]<\/p>\n<p>Nasza misja to:<\/p>\n<p>[\/et_pb_text][\/et_pb_column][et_pb_column type=&#8221;3_4&#8243; _builder_version=&#8221;4.22.1&#8243; _module_preset=&#8221;default&#8221; global_colors_info=&#8221;{}&#8221;][et_pb_text _builder_version=&#8221;4.22.1&#8243; _module_preset=&#8221;default&#8221; text_text_color=&#8221;#FFFFFF&#8221; text_font_size=&#8221;22px&#8221; text_line_height=&#8221;1.4em&#8221; text_font_size_tablet=&#8221;22px&#8221; text_font_size_phone=&#8221;18px&#8221; text_font_size_last_edited=&#8221;on|phone&#8221; text_letter_spacing_tablet=&#8221;&#8221; text_letter_spacing_phone=&#8221;&#8221; text_letter_spacing_last_edited=&#8221;on|phone&#8221; global_colors_info=&#8221;{}&#8221;]<\/p>\n<p style=\"text-align: justify;\">zapewnienie dost\u0119pno\u015bci do profesjonalnego controllingu, kt\u00f3ry pomo\u017ce firmom osi\u0105ga\u0107 dynamiczny wzrost i efektywnie si\u0119 rozwija\u0107<\/p>\n<p>[\/et_pb_text][\/et_pb_column][\/et_pb_row][\/et_pb_section][et_pb_section fb_built=&#8221;1&#8243; _builder_version=&#8221;4.22.1&#8243; _module_preset=&#8221;default&#8221; custom_padding=&#8221;25px||99px|||&#8221; locked=&#8221;off&#8221; global_colors_info=&#8221;{}&#8221;][et_pb_row _builder_version=&#8221;4.22.1&#8243; _module_preset=&#8221;default&#8221; global_colors_info=&#8221;{}&#8221;][et_pb_column type=&#8221;4_4&#8243; _builder_version=&#8221;4.22.1&#8243; _module_preset=&#8221;default&#8221; global_colors_info=&#8221;{}&#8221;][et_pb_text _builder_version=&#8221;4.22.1&#8243; _module_preset=&#8221;default&#8221; text_font=&#8221;|700|||||||&#8221; text_text_color=&#8221;#231F2B&#8221; text_font_size_tablet=&#8221;&#8221; text_font_size_phone=&#8221;14px&#8221; text_font_size_last_edited=&#8221;on|phone&#8221; header_font_size_tablet=&#8221;&#8221; header_font_size_phone=&#8221;24px&#8221; header_font_size_last_edited=&#8221;on|phone&#8221; global_colors_info=&#8221;{}&#8221;]<\/p>\n<h1 style=\"text-align: center;\">Poznaj naszych za\u0142o\u017cycieli<\/h1>\n<p>[\/et_pb_text][\/et_pb_column][\/et_pb_row][et_pb_row column_structure=&#8221;1_3,1_3,1_3&#8243; _builder_version=&#8221;4.22.1&#8243; _module_preset=&#8221;default&#8221; custom_padding=&#8221;||0px|||&#8221; global_colors_info=&#8221;{}&#8221;][et_pb_column type=&#8221;1_3&#8243; _builder_version=&#8221;4.22.1&#8243; _module_preset=&#8221;default&#8221; use_background_color_gradient=&#8221;on&#8221; background_color_gradient_stops=&#8221;#2b87da 0%|rgba(35,31,43,0.14) 0%&#8221; background_color_gradient_overlays_image=&#8221;on&#8221; background_image=&#8221;https:\/\/controllingnow.pl\/wp-content\/uploads\/2023\/08\/Ania.png&#8221; custom_padding=&#8221;350px||90px||false|false&#8221; global_colors_info=&#8221;{}&#8221;][et_pb_button button_url=&#8221;https:\/\/controllingnow.pl\/index.php\/pl\/anna-boguszewska\/&#8221; button_text=&#8221;Anna Boguszewska&#8221; button_alignment=&#8221;center&#8221; _builder_version=&#8221;4.22.1&#8243; _module_preset=&#8221;default&#8221; custom_button=&#8221;on&#8221; button_text_color=&#8221;#FFFFFF&#8221; button_bg_color=&#8221;#B70000&#8243; button_border_color=&#8221;#B70000&#8243; custom_margin=&#8221;||||false|false&#8221; custom_padding=&#8221;||||false|false&#8221; global_colors_info=&#8221;{}&#8221;][\/et_pb_button][\/et_pb_column][et_pb_column type=&#8221;1_3&#8243; _builder_version=&#8221;4.22.1&#8243; _module_preset=&#8221;default&#8221; use_background_color_gradient=&#8221;on&#8221; background_color_gradient_stops=&#8221;#2b87da 0%|rgba(35,31,43,0.14) 0%&#8221; background_color_gradient_overlays_image=&#8221;on&#8221; background_image=&#8221;https:\/\/controllingnow.pl\/wp-content\/uploads\/2023\/08\/Viola.png&#8221; custom_padding=&#8221;350px||90px||false|false&#8221; global_colors_info=&#8221;{}&#8221;][et_pb_button button_url=&#8221;https:\/\/controllingnow.pl\/index.php\/pl\/violetta-malek\/&#8221; button_text=&#8221;Violetta Ma\u0142ek&#8221; button_alignment=&#8221;center&#8221; _builder_version=&#8221;4.22.1&#8243; _module_preset=&#8221;default&#8221; custom_button=&#8221;on&#8221; button_text_color=&#8221;#FFFFFF&#8221; button_bg_color=&#8221;#B70000&#8243; button_border_color=&#8221;#B70000&#8243; global_colors_info=&#8221;{}&#8221;][\/et_pb_button][\/et_pb_column][et_pb_column type=&#8221;1_3&#8243; _builder_version=&#8221;4.22.1&#8243; _module_preset=&#8221;default&#8221; use_background_color_gradient=&#8221;on&#8221; background_color_gradient_stops=&#8221;#2b87da 0%|rgba(35,31,43,0.14) 0%&#8221; background_color_gradient_overlays_image=&#8221;on&#8221; background_image=&#8221;https:\/\/controllingnow.pl\/wp-content\/uploads\/2023\/08\/Pawel.png&#8221; custom_padding=&#8221;350px||90px||false|false&#8221; global_colors_info=&#8221;{}&#8221;][et_pb_button button_url=&#8221;https:\/\/controllingnow.pl\/index.php\/pl\/pawel-mlynski\/&#8221; button_text=&#8221;Pawe\u0142 M\u0142y\u0144ski&#8221; button_alignment=&#8221;center&#8221; _builder_version=&#8221;4.22.1&#8243; _module_preset=&#8221;default&#8221; custom_button=&#8221;on&#8221; button_text_color=&#8221;#FFFFFF&#8221; button_bg_color=&#8221;#B70000&#8243; button_border_color=&#8221;#B70000&#8243; global_colors_info=&#8221;{}&#8221;][\/et_pb_button][\/et_pb_column][\/et_pb_row][\/et_pb_section]<\/p>\n","protected":false},"excerpt":{"rendered":"<p>O nasJeste\u015bmy\u00a0Now\u0105 firm\u0105 outsourcingow\u0105, kt\u00f3rej DNA to do\u015bwiadczenie i nowoczesno\u015b\u0107. Firm\u0105, kt\u00f3ra buduje z klientami efektywn\u0105, nowoczesn\u0105 i\u00a0Otwart\u0105 relacj\u0119 zapewniaj\u0105c najwy\u017csze standardy komunikacji, aby sta\u0107 si\u0119 zaufanym i\u00a0Wybranym doradc\u0105.controllingNOW to HUB ekspert\u00f3w controllingowych, kt\u00f3rego misj\u0105 jest zapewnienie dost\u0119pno\u015bci do profesjonalnego controllingu pomagaj\u0105cego firmom osi\u0105ga\u0107 dynamiczny wzrost i skutecznie si\u0119 rozwija\u0107. Dzi\u0119ki wsparciu do\u015bwiadczonych kontroler\u00f3w i [&hellip;]<\/p>\n","protected":false},"author":3,"featured_media":0,"parent":0,"menu_order":0,"comment_status":"closed","ping_status":"closed","template":"","meta":{"_et_pb_use_builder":"on","_et_pb_old_content":"","_et_gb_content_width":"","om_disable_all_campaigns":false,"_mi_skip_tracking":false,"_monsterinsights_sitenote_active":false,"_monsterinsights_sitenote_note":"","_monsterinsights_sitenote_category":0,"footnotes":""},"aioseo_notices":[],"_links":{"self":[{"href":"https:\/\/controllingnow.pl\/index.php\/wp-json\/wp\/v2\/pages\/74"}],"collection":[{"href":"https:\/\/controllingnow.pl\/index.php\/wp-json\/wp\/v2\/pages"}],"about":[{"href":"https:\/\/controllingnow.pl\/index.php\/wp-json\/wp\/v2\/types\/page"}],"author":[{"embeddable":true,"href":"https:\/\/controllingnow.pl\/index.php\/wp-json\/wp\/v2\/users\/3"}],"replies":[{"embeddable":true,"href":"https:\/\/controllingnow.pl\/index.php\/wp-json\/wp\/v2\/comments?post=74"}],"version-history":[{"count":46,"href":"https:\/\/controllingnow.pl\/index.php\/wp-json\/wp\/v2\/pages\/74\/revisions"}],"predecessor-version":[{"id":692,"href":"https:\/\/controllingnow.pl\/index.php\/wp-json\/wp\/v2\/pages\/74\/revisions\/692"}],"wp:attachment":[{"href":"https:\/\/controllingnow.pl\/index.php\/wp-json\/wp\/v2\/media?parent=74"}],"curies":[{"name":"wp","href":"https:\/\/api.w.org\/{rel}","templated":true}]}}